{"id":141,"date":"2015-10-09T17:24:05","date_gmt":"2015-10-09T15:24:05","guid":{"rendered":"http:\/\/themedemo.commercegurus.com\/broker\/?page_id=141"},"modified":"2019-10-26T15:39:26","modified_gmt":"2019-10-26T13:39:26","slug":"investment-trusts","status":"publish","type":"page","link":"https:\/\/am-expertises.com\/index.php\/services\/investment-trusts\/","title":{"rendered":"Attentats"},"content":{"rendered":"<p>[vc_row type=&#187;container&#187; padding_top=&#187;&#187; padding_bottom=&#187;&#187;][vc_column width=&#187;1\/2&#8243; css=&#187;.vc_custom_1444995043702{margin-bottom: 35px !important;}&#187;][vc_column_text css=&#187;.vc_custom_1572095086389{margin-bottom: 20px !important;}&#187;]<span style=\"font-weight: 400;\">Nous \u00e9valuons et analysons vos besoins imm\u00e9diats (frais de premi\u00e8res n\u00e9cessit\u00e9s, frais li\u00e9s aux mesures d\u2019urgences, etc.) qui feront l\u2019objet d\u2019une demande d\u2019acompte aupr\u00e8s de votre compagnie d\u2019assurance. <\/span>[\/vc_column_text][\/vc_column][vc_column width=&#187;1\/2&#8243;][vc_single_image image=&#187;71267&#8243; img_size=&#187;full&#187; add_caption=&#187;yes&#187; onclick=&#187;link_image&#187;][\/vc_column][\/vc_row]<\/p>\n","protected":false},"excerpt":{"rendered":"<p>[vc_row type=&#187;container&#187; padding_top=&#187;&#187; padding_bottom=&#187;&#187;][vc_column width=&#187;1\/2&#8243; css=&#187;.vc_custom_1444995043702{margin-bottom: 35px !important;}&#187;][vc_column_text css=&#187;.vc_custom_1572095086389{margin-bottom: 20px !important;}&#187;]Nous \u00e9valuons et analysons vos besoins imm\u00e9diats (frais de premi\u00e8res n\u00e9cessit\u00e9s, frais li\u00e9s aux mesures d\u2019urgences, etc.) qui feront l\u2019objet d\u2019une demande d\u2019acompte aupr\u00e8s de votre compagnie d\u2019assurance. [\/vc_column_text][\/vc_column][vc_column width=&#187;1\/2&#8243;][vc_single_image image=&#187;71267&#8243; img_size=&#187;full&#187; add_caption=&#187;yes&#187; onclick=&#187;link_image&#187;][\/vc_column][\/vc_row]<\/p>\n","protected":false},"author":1,"featured_media":145,"parent":73,"menu_order":4,"comment_status":"closed","ping_status":"closed","template":"","meta":[],"acf":[],"yoast_head":"<!-- This site is optimized with the Yoast SEO plugin v19.4 - https:\/\/yoast.com\/wordpress\/plugins\/seo\/ -->\n<title>Attentats - AM Expertises<\/title>\n<meta name=\"robots\" content=\"index, follow, max-snippet:-1, max-image-preview:large, max-video-preview:-1\" \/>\n<link rel=\"canonical\" href=\"https:\/\/am-expertises.com\/index.php\/services\/investment-trusts\/\" \/>\n<meta property=\"og:locale\" content=\"ru_RU\" \/>\n<meta property=\"og:type\" content=\"article\" \/>\n<meta property=\"og:title\" content=\"Attentats - AM Expertises\" \/>\n<meta property=\"og:description\" content=\"[vc_row type=&#187;container&#187; padding_top=&#187;&#187; padding_bottom=&#187;&#187;][vc_column width=&#187;1\/2&#8243; css=&#187;.vc_custom_1444995043702{margin-bottom: 35px !important;}&#187;][vc_column_text css=&#187;.vc_custom_1572095086389{margin-bottom: 20px !important;}&#187;]Nous \u00e9valuons et analysons vos besoins imm\u00e9diats (frais de premi\u00e8res n\u00e9cessit\u00e9s, frais li\u00e9s aux mesures d\u2019urgences, etc.) qui feront l\u2019objet d\u2019une demande d\u2019acompte aupr\u00e8s de votre compagnie d\u2019assurance. [\/vc_column_text][\/vc_column][vc_column width=&#187;1\/2&#8243;][vc_single_image image=&#187;71267&#8243; img_size=&#187;full&#187; add_caption=&#187;yes&#187; onclick=&#187;link_image&#187;][\/vc_column][\/vc_row]\" \/>\n<meta property=\"og:url\" content=\"https:\/\/am-expertises.com\/index.php\/services\/investment-trusts\/\" \/>\n<meta property=\"og:site_name\" content=\"AM Expertises\" \/>\n<meta property=\"article:modified_time\" content=\"2019-10-26T13:39:26+00:00\" \/>\n<meta name=\"twitter:card\" content=\"summary_large_image\" \/>\n<script type=\"application\/ld+json\" class=\"yoast-schema-graph\">{\"@context\":\"https:\/\/schema.org\",\"@graph\":[{\"@type\":\"WebSite\",\"@id\":\"https:\/\/am-expertises.com\/#website\",\"url\":\"https:\/\/am-expertises.com\/\",\"name\":\"AM Expertises\",\"description\":\"AM Expertises vous accompagne dans tous vos sinitres\",\"potentialAction\":[{\"@type\":\"SearchAction\",\"target\":{\"@type\":\"EntryPoint\",\"urlTemplate\":\"https:\/\/am-expertises.com\/?s={search_term_string}\"},\"query-input\":\"required name=search_term_string\"}],\"inLanguage\":\"ru-RU\"},{\"@type\":\"WebPage\",\"@id\":\"https:\/\/am-expertises.com\/index.php\/services\/investment-trusts\/\",\"url\":\"https:\/\/am-expertises.com\/index.php\/services\/investment-trusts\/\",\"name\":\"Attentats - AM Expertises\",\"isPartOf\":{\"@id\":\"https:\/\/am-expertises.com\/#website\"},\"datePublished\":\"2015-10-09T15:24:05+00:00\",\"dateModified\":\"2019-10-26T13:39:26+00:00\",\"breadcrumb\":{\"@id\":\"https:\/\/am-expertises.com\/index.php\/services\/investment-trusts\/#breadcrumb\"},\"inLanguage\":\"ru-RU\",\"potentialAction\":[{\"@type\":\"ReadAction\",\"target\":[\"https:\/\/am-expertises.com\/index.php\/services\/investment-trusts\/\"]}]},{\"@type\":\"BreadcrumbList\",\"@id\":\"https:\/\/am-expertises.com\/index.php\/services\/investment-trusts\/#breadcrumb\",\"itemListElement\":[{\"@type\":\"ListItem\",\"position\":1,\"name\":\"Accueil\",\"item\":\"https:\/\/am-expertises.com\/\"},{\"@type\":\"ListItem\",\"position\":2,\"name\":\"Nos domaines d&#8217;intervention\",\"item\":\"https:\/\/am-expertises.com\/index.php\/services\/\"},{\"@type\":\"ListItem\",\"position\":3,\"name\":\"Attentats\"}]}]}<\/script>\n<!-- \/ Yoast SEO plugin. -->","yoast_head_json":{"title":"Attentats - AM Expertises","robots":{"index":"index","follow":"follow","max-snippet":"max-snippet:-1","max-image-preview":"max-image-preview:large","max-video-preview":"max-video-preview:-1"},"canonical":"https:\/\/am-expertises.com\/index.php\/services\/investment-trusts\/","og_locale":"ru_RU","og_type":"article","og_title":"Attentats - AM Expertises","og_description":"[vc_row type=&#187;container&#187; padding_top=&#187;&#187; padding_bottom=&#187;&#187;][vc_column width=&#187;1\/2&#8243; css=&#187;.vc_custom_1444995043702{margin-bottom: 35px !important;}&#187;][vc_column_text css=&#187;.vc_custom_1572095086389{margin-bottom: 20px !important;}&#187;]Nous \u00e9valuons et analysons vos besoins imm\u00e9diats (frais de premi\u00e8res n\u00e9cessit\u00e9s, frais li\u00e9s aux mesures d\u2019urgences, etc.) qui feront l\u2019objet d\u2019une demande d\u2019acompte aupr\u00e8s de votre compagnie d\u2019assurance. [\/vc_column_text][\/vc_column][vc_column width=&#187;1\/2&#8243;][vc_single_image image=&#187;71267&#8243; img_size=&#187;full&#187; add_caption=&#187;yes&#187; onclick=&#187;link_image&#187;][\/vc_column][\/vc_row]","og_url":"https:\/\/am-expertises.com\/index.php\/services\/investment-trusts\/","og_site_name":"AM Expertises","article_modified_time":"2019-10-26T13:39:26+00:00","twitter_card":"summary_large_image","schema":{"@context":"https:\/\/schema.org","@graph":[{"@type":"WebSite","@id":"https:\/\/am-expertises.com\/#website","url":"https:\/\/am-expertises.com\/","name":"AM Expertises","description":"AM Expertises vous accompagne dans tous vos sinitres","potentialAction":[{"@type":"SearchAction","target":{"@type":"EntryPoint","urlTemplate":"https:\/\/am-expertises.com\/?s={search_term_string}"},"query-input":"required name=search_term_string"}],"inLanguage":"ru-RU"},{"@type":"WebPage","@id":"https:\/\/am-expertises.com\/index.php\/services\/investment-trusts\/","url":"https:\/\/am-expertises.com\/index.php\/services\/investment-trusts\/","name":"Attentats - AM Expertises","isPartOf":{"@id":"https:\/\/am-expertises.com\/#website"},"datePublished":"2015-10-09T15:24:05+00:00","dateModified":"2019-10-26T13:39:26+00:00","breadcrumb":{"@id":"https:\/\/am-expertises.com\/index.php\/services\/investment-trusts\/#breadcrumb"},"inLanguage":"ru-RU","potentialAction":[{"@type":"ReadAction","target":["https:\/\/am-expertises.com\/index.php\/services\/investment-trusts\/"]}]},{"@type":"BreadcrumbList","@id":"https:\/\/am-expertises.com\/index.php\/services\/investment-trusts\/#breadcrumb","itemListElement":[{"@type":"ListItem","position":1,"name":"Accueil","item":"https:\/\/am-expertises.com\/"},{"@type":"ListItem","position":2,"name":"Nos domaines d&#8217;intervention","item":"https:\/\/am-expertises.com\/index.php\/services\/"},{"@type":"ListItem","position":3,"name":"Attentats"}]}]}},"_links":{"self":[{"href":"https:\/\/am-expertises.com\/index.php\/wp-json\/wp\/v2\/pages\/141"}],"collection":[{"href":"https:\/\/am-expertises.com\/index.php\/wp-json\/wp\/v2\/pages"}],"about":[{"href":"https:\/\/am-expertises.com\/index.php\/wp-json\/wp\/v2\/types\/page"}],"author":[{"embeddable":true,"href":"https:\/\/am-expertises.com\/index.php\/wp-json\/wp\/v2\/users\/1"}],"replies":[{"embeddable":true,"href":"https:\/\/am-expertises.com\/index.php\/wp-json\/wp\/v2\/comments?post=141"}],"version-history":[{"count":4,"href":"https:\/\/am-expertises.com\/index.php\/wp-json\/wp\/v2\/pages\/141\/revisions"}],"predecessor-version":[{"id":71479,"href":"https:\/\/am-expertises.com\/index.php\/wp-json\/wp\/v2\/pages\/141\/revisions\/71479"}],"up":[{"embeddable":true,"href":"https:\/\/am-expertises.com\/index.php\/wp-json\/wp\/v2\/pages\/73"}],"wp:featuredmedia":[{"embeddable":true,"href":"https:\/\/am-expertises.com\/index.php\/wp-json\/wp\/v2\/media\/145"}],"wp:attachment":[{"href":"https:\/\/am-expertises.com\/index.php\/wp-json\/wp\/v2\/media?parent=141"}],"curies":[{"name":"wp","href":"https:\/\/api.w.org\/{rel}","templated":true}]}}