{"id":147,"date":"2015-10-09T17:51:30","date_gmt":"2015-10-09T15:51:30","guid":{"rendered":"http:\/\/themedemo.commercegurus.com\/broker\/?page_id=147"},"modified":"2019-10-26T15:40:54","modified_gmt":"2019-10-26T13:40:54","slug":"trades","status":"publish","type":"page","link":"https:\/\/am-expertises.com\/index.php\/services\/trades\/","title":{"rendered":"Bris de machines"},"content":{"rendered":"<p>[vc_row type=&#187;container&#187; padding_top=&#187;&#187; padding_bottom=&#187;&#187; css=&#187;.vc_custom_1510325502767{padding-bottom: 20px !important;}&#187;][vc_column width=&#187;1\/2&#8243; css=&#187;.vc_custom_1444995321302{margin-bottom: 35px !important;}&#187;][vc_column_text css=&#187;.vc_custom_1572095386760{margin-bottom: 0px !important;}&#187;]<span style=\"font-weight: 400;\">Nous d\u00e9fendons et n\u00e9gocions votre r\u00e9clamation, et cela amiablement et contradictoirement avec l\u2019expert d\u00e9sign\u00e9 par votre compagnie d\u2019assurance afin d\u2019obtenir l\u2019indemnit\u00e9 la plus optimale.<\/span>[\/vc_column_text][\/vc_column][vc_column width=&#187;1\/2&#8243;][vc_single_image image=&#187;71237&#8243; img_size=&#187;full&#187; add_caption=&#187;yes&#187; onclick=&#187;link_image&#187;][\/vc_column][\/vc_row]<\/p>\n","protected":false},"excerpt":{"rendered":"<p>[vc_row type=&#187;container&#187; padding_top=&#187;&#187; padding_bottom=&#187;&#187; css=&#187;.vc_custom_1510325502767{padding-bottom: 20px !important;}&#187;][vc_column width=&#187;1\/2&#8243; css=&#187;.vc_custom_1444995321302{margin-bottom: 35px !important;}&#187;][vc_column_text css=&#187;.vc_custom_1572095386760{margin-bottom: 0px !important;}&#187;]Nous d\u00e9fendons et n\u00e9gocions votre r\u00e9clamation, et cela amiablement et contradictoirement avec l\u2019expert d\u00e9sign\u00e9 par votre compagnie d\u2019assurance afin d\u2019obtenir l\u2019indemnit\u00e9 la plus optimale.[\/vc_column_text][\/vc_column][vc_column width=&#187;1\/2&#8243;][vc_single_image image=&#187;71237&#8243; img_size=&#187;full&#187; add_caption=&#187;yes&#187; onclick=&#187;link_image&#187;][\/vc_column][\/vc_row]<\/p>\n","protected":false},"author":1,"featured_media":150,"parent":73,"menu_order":8,"comment_status":"closed","ping_status":"closed","template":"","meta":[],"acf":[],"yoast_head":"<!-- This site is optimized with the Yoast SEO plugin v19.4 - https:\/\/yoast.com\/wordpress\/plugins\/seo\/ -->\n<title>Bris de machines - AM Expertises<\/title>\n<meta name=\"robots\" content=\"index, follow, max-snippet:-1, max-image-preview:large, max-video-preview:-1\" \/>\n<link rel=\"canonical\" href=\"https:\/\/am-expertises.com\/index.php\/services\/trades\/\" \/>\n<meta property=\"og:locale\" content=\"ru_RU\" \/>\n<meta property=\"og:type\" content=\"article\" \/>\n<meta property=\"og:title\" content=\"Bris de machines - AM Expertises\" \/>\n<meta property=\"og:description\" content=\"[vc_row type=&#187;container&#187; padding_top=&#187;&#187; padding_bottom=&#187;&#187; css=&#187;.vc_custom_1510325502767{padding-bottom: 20px !important;}&#187;][vc_column width=&#187;1\/2&#8243; css=&#187;.vc_custom_1444995321302{margin-bottom: 35px !important;}&#187;][vc_column_text css=&#187;.vc_custom_1572095386760{margin-bottom: 0px !important;}&#187;]Nous d\u00e9fendons et n\u00e9gocions votre r\u00e9clamation, et cela amiablement et contradictoirement avec l\u2019expert d\u00e9sign\u00e9 par votre compagnie d\u2019assurance afin d\u2019obtenir l\u2019indemnit\u00e9 la plus optimale.[\/vc_column_text][\/vc_column][vc_column width=&#187;1\/2&#8243;][vc_single_image image=&#187;71237&#8243; img_size=&#187;full&#187; add_caption=&#187;yes&#187; onclick=&#187;link_image&#187;][\/vc_column][\/vc_row]\" \/>\n<meta property=\"og:url\" content=\"https:\/\/am-expertises.com\/index.php\/services\/trades\/\" \/>\n<meta property=\"og:site_name\" content=\"AM Expertises\" \/>\n<meta property=\"article:modified_time\" content=\"2019-10-26T13:40:54+00:00\" \/>\n<meta name=\"twitter:card\" content=\"summary_large_image\" \/>\n<script type=\"application\/ld+json\" class=\"yoast-schema-graph\">{\"@context\":\"https:\/\/schema.org\",\"@graph\":[{\"@type\":\"WebSite\",\"@id\":\"https:\/\/am-expertises.com\/#website\",\"url\":\"https:\/\/am-expertises.com\/\",\"name\":\"AM Expertises\",\"description\":\"AM Expertises vous accompagne dans tous vos sinitres\",\"potentialAction\":[{\"@type\":\"SearchAction\",\"target\":{\"@type\":\"EntryPoint\",\"urlTemplate\":\"https:\/\/am-expertises.com\/?s={search_term_string}\"},\"query-input\":\"required name=search_term_string\"}],\"inLanguage\":\"ru-RU\"},{\"@type\":\"WebPage\",\"@id\":\"https:\/\/am-expertises.com\/index.php\/services\/trades\/\",\"url\":\"https:\/\/am-expertises.com\/index.php\/services\/trades\/\",\"name\":\"Bris de machines - AM Expertises\",\"isPartOf\":{\"@id\":\"https:\/\/am-expertises.com\/#website\"},\"datePublished\":\"2015-10-09T15:51:30+00:00\",\"dateModified\":\"2019-10-26T13:40:54+00:00\",\"breadcrumb\":{\"@id\":\"https:\/\/am-expertises.com\/index.php\/services\/trades\/#breadcrumb\"},\"inLanguage\":\"ru-RU\",\"potentialAction\":[{\"@type\":\"ReadAction\",\"target\":[\"https:\/\/am-expertises.com\/index.php\/services\/trades\/\"]}]},{\"@type\":\"BreadcrumbList\",\"@id\":\"https:\/\/am-expertises.com\/index.php\/services\/trades\/#breadcrumb\",\"itemListElement\":[{\"@type\":\"ListItem\",\"position\":1,\"name\":\"Accueil\",\"item\":\"https:\/\/am-expertises.com\/\"},{\"@type\":\"ListItem\",\"position\":2,\"name\":\"Nos domaines d&#8217;intervention\",\"item\":\"https:\/\/am-expertises.com\/index.php\/services\/\"},{\"@type\":\"ListItem\",\"position\":3,\"name\":\"Bris de machines\"}]}]}<\/script>\n<!-- \/ Yoast SEO plugin. -->","yoast_head_json":{"title":"Bris de machines - AM Expertises","robots":{"index":"index","follow":"follow","max-snippet":"max-snippet:-1","max-image-preview":"max-image-preview:large","max-video-preview":"max-video-preview:-1"},"canonical":"https:\/\/am-expertises.com\/index.php\/services\/trades\/","og_locale":"ru_RU","og_type":"article","og_title":"Bris de machines - AM Expertises","og_description":"[vc_row type=&#187;container&#187; padding_top=&#187;&#187; padding_bottom=&#187;&#187; css=&#187;.vc_custom_1510325502767{padding-bottom: 20px !important;}&#187;][vc_column width=&#187;1\/2&#8243; css=&#187;.vc_custom_1444995321302{margin-bottom: 35px !important;}&#187;][vc_column_text css=&#187;.vc_custom_1572095386760{margin-bottom: 0px !important;}&#187;]Nous d\u00e9fendons et n\u00e9gocions votre r\u00e9clamation, et cela amiablement et contradictoirement avec l\u2019expert d\u00e9sign\u00e9 par votre compagnie d\u2019assurance afin d\u2019obtenir l\u2019indemnit\u00e9 la plus optimale.[\/vc_column_text][\/vc_column][vc_column width=&#187;1\/2&#8243;][vc_single_image image=&#187;71237&#8243; img_size=&#187;full&#187; add_caption=&#187;yes&#187; onclick=&#187;link_image&#187;][\/vc_column][\/vc_row]","og_url":"https:\/\/am-expertises.com\/index.php\/services\/trades\/","og_site_name":"AM Expertises","article_modified_time":"2019-10-26T13:40:54+00:00","twitter_card":"summary_large_image","schema":{"@context":"https:\/\/schema.org","@graph":[{"@type":"WebSite","@id":"https:\/\/am-expertises.com\/#website","url":"https:\/\/am-expertises.com\/","name":"AM Expertises","description":"AM Expertises vous accompagne dans tous vos sinitres","potentialAction":[{"@type":"SearchAction","target":{"@type":"EntryPoint","urlTemplate":"https:\/\/am-expertises.com\/?s={search_term_string}"},"query-input":"required name=search_term_string"}],"inLanguage":"ru-RU"},{"@type":"WebPage","@id":"https:\/\/am-expertises.com\/index.php\/services\/trades\/","url":"https:\/\/am-expertises.com\/index.php\/services\/trades\/","name":"Bris de machines - AM Expertises","isPartOf":{"@id":"https:\/\/am-expertises.com\/#website"},"datePublished":"2015-10-09T15:51:30+00:00","dateModified":"2019-10-26T13:40:54+00:00","breadcrumb":{"@id":"https:\/\/am-expertises.com\/index.php\/services\/trades\/#breadcrumb"},"inLanguage":"ru-RU","potentialAction":[{"@type":"ReadAction","target":["https:\/\/am-expertises.com\/index.php\/services\/trades\/"]}]},{"@type":"BreadcrumbList","@id":"https:\/\/am-expertises.com\/index.php\/services\/trades\/#breadcrumb","itemListElement":[{"@type":"ListItem","position":1,"name":"Accueil","item":"https:\/\/am-expertises.com\/"},{"@type":"ListItem","position":2,"name":"Nos domaines d&#8217;intervention","item":"https:\/\/am-expertises.com\/index.php\/services\/"},{"@type":"ListItem","position":3,"name":"Bris de machines"}]}]}},"_links":{"self":[{"href":"https:\/\/am-expertises.com\/index.php\/wp-json\/wp\/v2\/pages\/147"}],"collection":[{"href":"https:\/\/am-expertises.com\/index.php\/wp-json\/wp\/v2\/pages"}],"about":[{"href":"https:\/\/am-expertises.com\/index.php\/wp-json\/wp\/v2\/types\/page"}],"author":[{"embeddable":true,"href":"https:\/\/am-expertises.com\/index.php\/wp-json\/wp\/v2\/users\/1"}],"replies":[{"embeddable":true,"href":"https:\/\/am-expertises.com\/index.php\/wp-json\/wp\/v2\/comments?post=147"}],"version-history":[{"count":4,"href":"https:\/\/am-expertises.com\/index.php\/wp-json\/wp\/v2\/pages\/147\/revisions"}],"predecessor-version":[{"id":71483,"href":"https:\/\/am-expertises.com\/index.php\/wp-json\/wp\/v2\/pages\/147\/revisions\/71483"}],"up":[{"embeddable":true,"href":"https:\/\/am-expertises.com\/index.php\/wp-json\/wp\/v2\/pages\/73"}],"wp:featuredmedia":[{"embeddable":true,"href":"https:\/\/am-expertises.com\/index.php\/wp-json\/wp\/v2\/media\/150"}],"wp:attachment":[{"href":"https:\/\/am-expertises.com\/index.php\/wp-json\/wp\/v2\/media?parent=147"}],"curies":[{"name":"wp","href":"https:\/\/api.w.org\/{rel}","templated":true}]}}