{"id":5,"date":"2015-10-06T12:21:51","date_gmt":"2015-10-06T12:21:51","guid":{"rendered":"http:\/\/themedemo.commercegurus.com\/broker\/?page_id=5"},"modified":"2019-12-02T14:44:52","modified_gmt":"2019-12-02T13:44:52","slug":"home","status":"publish","type":"page","link":"https:\/\/am-expertises.com\/","title":{"rendered":"Accueil"},"content":{"rendered":"<p>[vc_row type=&#187;full_page_width&#187; padding_top=&#187;&#187; padding_bottom=&#187;&#187; css=&#187;.vc_custom_1510311715061{margin-bottom: 15px !important;}&#187;][vc_column css=&#187;.vc_custom_1510311778429{padding-right: 0px !important;padding-left: 0px !important;}&#187;][layerslider_vc id=&#187;1&#8243;][\/vc_column][\/vc_row][vc_row type=&#187;container&#187; padding_top=&#187;&#187; padding_bottom=&#187;&#187; css=&#187;.vc_custom_1444833000148{margin-bottom: 15px !important;}&#187;][vc_column][vc_separator color=&#187;#e2e2e2&#8243; type=&#187;normal&#187; thickness=&#187;1&#8243; up=&#187;&#187; down=&#187;&#187;][vc_column_text css=&#187;.vc_custom_1575294189177{padding-right: 15px !important;}&#187;]<\/p>\n<h5 style=\"text-align: center;\"><img loading=\"lazy\" class=\"alignnone size-full wp-image-71851\" src=\"https:\/\/am-expertises.com\/wp-content\/uploads\/2019\/12\/Logo-Amex-1.png\" alt=\"\" width=\"280\" height=\"65\" \/><\/h5>\n<h5 style=\"text-align: center;\">Cabinet d&#8217;expert d&#8217;assur\u00e9s &#8212; Particuliers &amp; Professionnels\u200b<\/h5>\n<h3 style=\"text-align: center;\">AM EXPERTISES vous accompagne dans vos sinistres<br \/>\nainsi que pour vos expertises pr\u00e9alables<\/h3>\n<h3 style=\"text-align: center;\">NOS DOMAINES D&#8217;INTERVENTION APRES SINISTRE<\/h3>\n<p>[\/vc_column_text][\/vc_column][\/vc_row][vc_row type=&#187;container&#187; padding_top=&#187;&#187; padding_bottom=&#187;&#187;][vc_column width=&#187;1\/3&#8243; css=&#187;.vc_custom_1444954308084{margin-bottom: 35px !important;}&#187;][vc_single_image image=&#187;71790&#8243; img_size=&#187;medium&#187; alignment=&#187;center&#187; style=&#187;vc_box_rounded&#187; onclick=&#187;custom_link&#187; css=&#187;.vc_custom_1573764918151{border-bottom-width: 0px !important;}&#187;][vc_column_text css=&#187;.vc_custom_1572093946563{margin-top: -15px !important;}&#187;]<\/p>\n<h3 style=\"text-align: center;\">Incendie<\/h3>\n<p>[\/vc_column_text][\/vc_column][vc_column width=&#187;1\/3&#8243; css=&#187;.vc_custom_1444954317564{margin-bottom: 35px !important;}&#187;][vc_single_image image=&#187;71793&#8243; img_size=&#187;medium&#187; alignment=&#187;center&#187; style=&#187;vc_box_rounded&#187; onclick=&#187;custom_link&#187; css=&#187;.vc_custom_1573764927903{border-bottom-width: 0px !important;}&#187;][vc_column_text css=&#187;.vc_custom_1572094023615{margin-top: -15px !important;}&#187;]<\/p>\n<h3 style=\"text-align: center;\">Explosions<\/h3>\n<p>[\/vc_column_text][\/vc_column][vc_column width=&#187;1\/3&#8243; css=&#187;.vc_custom_1444954327828{margin-bottom: 35px !important;}&#187;][vc_single_image image=&#187;71794&#8243; img_size=&#187;medium&#187; alignment=&#187;center&#187; style=&#187;vc_box_rounded&#187; onclick=&#187;custom_link&#187; css=&#187;.vc_custom_1573764934827{border-bottom-width: 0px !important;}&#187;][vc_column_text css=&#187;.vc_custom_1572094028542{margin-top: -15px !important;}&#187;]<\/p>\n<h3 style=\"text-align: center;\">Attentats<\/h3>\n<p>[\/vc_column_text][\/vc_column][\/vc_row][vc_row type=&#187;container&#187; padding_top=&#187;&#187; padding_bottom=&#187;&#187;][vc_column width=&#187;1\/3&#8243; css=&#187;.vc_custom_1444954308084{margin-bottom: 35px !important;}&#187;][vc_single_image image=&#187;71269&#8243; img_size=&#187;medium&#187; alignment=&#187;center&#187; style=&#187;vc_box_rounded&#187; onclick=&#187;custom_link&#187; css=&#187;.vc_custom_1573764941442{border-bottom-width: 0px !important;}&#187;][vc_column_text css=&#187;.vc_custom_1572094032701{margin-top: -15px !important;}&#187;]<\/p>\n<h3 style=\"text-align: center;\">D\u00e9g\u00e2ts des eaux<\/h3>\n<p>[\/vc_column_text][\/vc_column][vc_column width=&#187;1\/3&#8243; css=&#187;.vc_custom_1444954317564{margin-bottom: 35px !important;}&#187;][vc_single_image image=&#187;71802&#8243; img_size=&#187;medium&#187; alignment=&#187;center&#187; style=&#187;vc_box_rounded&#187; onclick=&#187;custom_link&#187; css=&#187;.vc_custom_1573764948554{border-bottom-width: 0px !important;}&#187;][vc_column_text css=&#187;.vc_custom_1572543536285{margin-top: -15px !important;}&#187;]<\/p>\n<h3 style=\"text-align: center;\">Vols\/Vandalismes<\/h3>\n<p>[\/vc_column_text][\/vc_column][vc_column width=&#187;1\/3&#8243; css=&#187;.vc_custom_1444954327828{margin-bottom: 35px !important;}&#187;][vc_single_image image=&#187;71800&#8243; img_size=&#187;medium&#187; alignment=&#187;center&#187; style=&#187;vc_box_rounded&#187; onclick=&#187;custom_link&#187; css=&#187;.vc_custom_1573764955529{border-bottom-width: 0px !important;}&#187;][vc_column_text css=&#187;.vc_custom_1572094074707{margin-top: -15px !important;}&#187;]<\/p>\n<h3 style=\"text-align: center;\">Dommages \u00e9lectriques<\/h3>\n<p>[\/vc_column_text][\/vc_column][\/vc_row][vc_row type=&#187;container&#187; padding_top=&#187;&#187; padding_bottom=&#187;&#187;][vc_column width=&#187;1\/3&#8243; css=&#187;.vc_custom_1444954308084{margin-bottom: 35px !important;}&#187;][vc_single_image image=&#187;71798&#8243; img_size=&#187;medium&#187; alignment=&#187;center&#187; style=&#187;vc_box_rounded&#187; onclick=&#187;custom_link&#187; css=&#187;.vc_custom_1573764996057{border-bottom-width: 0px !important;}&#187;][vc_column_text css=&#187;.vc_custom_1572094114629{margin-top: -15px !important;}&#187;]<\/p>\n<h3 style=\"text-align: center;\">Bris de machines<\/h3>\n<p>[\/vc_column_text][\/vc_column][vc_column width=&#187;1\/3&#8243; css=&#187;.vc_custom_1444954317564{margin-bottom: 35px !important;}&#187;][vc_single_image image=&#187;71275&#8243; img_size=&#187;medium&#187; alignment=&#187;center&#187; style=&#187;vc_box_rounded&#187; onclick=&#187;custom_link&#187; css=&#187;.vc_custom_1573765004248{border-bottom-width: 0px !important;}&#187;][vc_column_text css=&#187;.vc_custom_1572094130944{margin-top: -15px !important;}&#187;]<\/p>\n<h3 style=\"text-align: center;\">Temp\u00eates<\/h3>\n<p>[\/vc_column_text][\/vc_column][vc_column width=&#187;1\/3&#8243; css=&#187;.vc_custom_1444954327828{margin-bottom: 35px !important;}&#187;][vc_single_image image=&#187;71273&#8243; img_size=&#187;medium&#187; alignment=&#187;center&#187; style=&#187;vc_box_rounded&#187; onclick=&#187;custom_link&#187; css=&#187;.vc_custom_1573765009282{border-bottom-width: 0px !important;}&#187;][vc_column_text css=&#187;.vc_custom_1572094151809{margin-top: -15px !important;}&#187;]<\/p>\n<h3 style=\"text-align: center;\">Cycl\u00f4nes<\/h3>\n<p>[\/vc_column_text][\/vc_column][\/vc_row][vc_row type=&#187;container&#187; padding_top=&#187;&#187; padding_bottom=&#187;&#187; css=&#187;.vc_custom_1444833000148{margin-bottom: 15px !important;}&#187;][vc_column][vc_separator color=&#187;#e2e2e2&#8243; type=&#187;normal&#187; thickness=&#187;1&#8243; up=&#187;&#187; down=&#187;&#187;][vc_column_text css=&#187;.vc_custom_1572899090794{padding-right: 15px !important;}&#187;]<\/p>\n<h3 style=\"text-align: center;\">NOS DOMAINES D&#8217;INTERVENTION AVANT SINISTRE<\/h3>\n<p>[\/vc_column_text][\/vc_column][\/vc_row][vc_row type=&#187;container&#187; padding_top=&#187;&#187; padding_bottom=&#187;&#187;][vc_column width=&#187;1\/4&#8243; css=&#187;.vc_custom_1444954308084{margin-bottom: 35px !important;}&#187;][vc_single_image image=&#187;71290&#8243; img_size=&#187;medium&#187; alignment=&#187;center&#187; style=&#187;vc_box_rounded&#187; onclick=&#187;custom_link&#187; css=&#187;.vc_custom_1573765076665{border-bottom-width: 0px !important;}&#187;][vc_column_text css=&#187;.vc_custom_1572094183943{margin-top: -15px !important;}&#187;]<\/p>\n<h3 style=\"text-align: center;\">Immobilier<\/h3>\n<p>[\/vc_column_text][\/vc_column][vc_column width=&#187;1\/4&#8243; css=&#187;.vc_custom_1444954317564{margin-bottom: 35px !important;}&#187;][vc_single_image image=&#187;71806&#8243; img_size=&#187;medium&#187; alignment=&#187;center&#187; style=&#187;vc_box_rounded&#187; onclick=&#187;custom_link&#187; css=&#187;.vc_custom_1573765089736{border-bottom-width: 0px !important;}&#187;][vc_column_text css=&#187;.vc_custom_1572094195299{margin-top: -15px !important;}&#187;]<\/p>\n<h3 style=\"text-align: center;\">Industrie<\/h3>\n<p>[\/vc_column_text][\/vc_column][vc_column width=&#187;1\/4&#8243; css=&#187;.vc_custom_1444954327828{margin-bottom: 35px !important;}&#187;][vc_single_image image=&#187;71804&#8243; img_size=&#187;medium&#187; alignment=&#187;center&#187; style=&#187;vc_box_rounded&#187; onclick=&#187;custom_link&#187; css=&#187;.vc_custom_1573765096272{border-bottom-width: 0px !important;}&#187;][vc_column_text css=&#187;.vc_custom_1572094207434{margin-top: -15px !important;}&#187;]<\/p>\n<h3 style=\"text-align: center;\">Luxe<\/h3>\n<p>[\/vc_column_text][\/vc_column][vc_column width=&#187;1\/4&#8243;][vc_single_image image=&#187;71294&#8243; img_size=&#187;medium&#187; alignment=&#187;center&#187; style=&#187;vc_box_rounded&#187; onclick=&#187;custom_link&#187; css=&#187;.vc_custom_1573765102439{border-bottom-width: 0px !important;}&#187;][vc_column_text css=&#187;.vc_custom_1572544102435{margin-top: -15px !important;}&#187;]<\/p>\n<h3 style=\"text-align: center;\">Services<\/h3>\n<p>[\/vc_column_text][\/vc_column][\/vc_row][vc_row type=&#187;full_page_width&#187; padding_top=&#187;&#187; padding_bottom=&#187;&#187;][vc_column][vc_single_image image=&#187;71386&#8243; img_size=&#187;full&#187; alignment=&#187;center&#187; css_animation=&#187;fadeInDown&#187;][\/vc_column][\/vc_row][vc_row type=&#187;container&#187; padding_top=&#187;&#187; padding_bottom=&#187;&#187; css=&#187;.vc_custom_1444839048876{margin-bottom: 55px !important;}&#187;][vc_column width=&#187;1\/6&#8243;][\/vc_column][vc_column width=&#187;2\/3&#8243;][vc_column_text css_animation=&#187;bottom-to-top&#187; css=&#187;.vc_custom_1571140601781{margin-bottom: 0px !important;padding-top: 10px !important;}&#187;]<\/p>\n<h2 style=\"text-align: center;\">Pourquoi AM-EXPERTISES ?<\/h2>\n<p>[\/vc_column_text][\/vc_column][vc_column width=&#187;1\/6&#8243;][\/vc_column][\/vc_row][vc_row type=&#187;container&#187; padding_top=&#187;&#187; padding_bottom=&#187;&#187; css=&#187;.vc_custom_1510311565868{margin-bottom: 10px !important;padding-right: 10% !important;padding-left: 10% !important;}&#187;][vc_column width=&#187;1\/3&#8243; css=&#187;.vc_custom_1444954950021{margin-bottom: 35px !important;}&#187;][vc_raw_html]JTNDZGl2JTIwY2xhc3MlM0QlMjJhbmltYXRlJTIyJTIwZGF0YS1hbmltYXRlJTNEJTIyZmFkZUluVXAlMjIlMjBzdHlsZSUzRCUyMnRleHQtYWxpZ24lM0ElMjBjZW50ZXIlM0IlMjBmb250LXNpemUlM0ElMjA2MnB4JTNCJTIwY29sb3IlM0ElMjAlMjMyNEEzRDglM0IlMjIlM0UlM0NpJTIwY2xhc3MlM0QlMjJpb24taW9zLWNoZWNrbWFyay1vdXRsaW5lJTIyJTNFJTNDJTJGaSUzRSUzQyUyRmRpdiUzRQ==[\/vc_raw_html][vc_separator color=&#187;#e2e2e2&#8243; type=&#187;small&#187; position=&#187;center&#187; thickness=&#187;1&#8243; up=&#187;&#187; down=&#187;&#187;][vc_custom_heading text=&#187;Experience&#187; font_container=&#187;tag:p|font_size:28|text_align:center|color:%23000000|line_height:38px&#187; use_theme_fonts=&#187;yes&#187; css=&#187;.vc_custom_1572523060894{padding-top: 25px !important;}&#187; el_class=&#187;lighter-weight&#187;][vc_column_text css=&#187;.vc_custom_1572544160859{padding-top: 10px !important;}&#187;]<\/p>\n<p style=\"text-align: center;\"><span style=\"color: #999999;\">\u00a0<\/span><\/p>\n<p>[\/vc_column_text][\/vc_column][vc_column width=&#187;1\/3&#8243; css=&#187;.vc_custom_1444954957876{margin-bottom: 35px !important;}&#187;][vc_raw_html]JTNDZGl2JTIwY2xhc3MlM0QlMjJhbmltYXRlJTIyJTIwZGF0YS1hbmltYXRlJTNEJTIyZmFkZUluVXAlMjIlMjBzdHlsZSUzRCUyMnRleHQtYWxpZ24lM0ElMjBjZW50ZXIlM0IlMjBmb250LXNpemUlM0ElMjA2MnB4JTNCJTIwY29sb3IlM0ElMjAlMjMyNEEzRDglM0IlMjIlM0UlM0NpJTIwY2xhc3MlM0QlMjJpb24taW9zLXB1bHNlJTIyJTNFJTNDJTJGaSUzRSUzQyUyRmRpdiUzRQ==[\/vc_raw_html][vc_separator color=&#187;#e2e2e2&#8243; type=&#187;small&#187; position=&#187;center&#187; thickness=&#187;1&#8243; up=&#187;&#187; down=&#187;&#187;][vc_custom_heading text=&#187;Diligence&#187; font_container=&#187;tag:p|font_size:28|text_align:center|color:%23000000|line_height:38px&#187; use_theme_fonts=&#187;yes&#187; css=&#187;.vc_custom_1572544216712{padding-top: 25px !important;}&#187; el_class=&#187;lighter-weight&#187;][vc_column_text css=&#187;.vc_custom_1572544170602{padding-top: 10px !important;}&#187;]<\/p>\n<p style=\"text-align: center;\"><span style=\"color: #999999;\">\u00a0<\/span><\/p>\n<p>[\/vc_column_text][\/vc_column][vc_column width=&#187;1\/3&#8243; css=&#187;.vc_custom_1444954966247{margin-bottom: 35px !important;}&#187;][vc_raw_html]JTNDZGl2JTIwY2xhc3MlM0QlMjJhbmltYXRlJTIyJTIwZGF0YS1hbmltYXRlJTNEJTIyZmFkZUluVXAlMjIlMjBzdHlsZSUzRCUyMnRleHQtYWxpZ24lM0ElMjBjZW50ZXIlM0IlMjBmb250LXNpemUlM0ElMjA2MnB4JTNCJTIwY29sb3IlM0ElMjAlMjMyNEEzRDglM0IlMjIlM0UlM0NpJTIwY2xhc3MlM0QlMjJpb24taW9zLWluZmluaXRlLW91dGxpbmUlMjIlM0UlM0MlMkZpJTNFJTNDJTJGZGl2JTNF[\/vc_raw_html][vc_separator color=&#187;#e2e2e2&#8243; type=&#187;small&#187; position=&#187;center&#187; thickness=&#187;1&#8243; up=&#187;&#187; down=&#187;&#187;][vc_custom_heading text=&#187;Professionnalisme&#187; font_container=&#187;tag:p|font_size:28|text_align:center|color:%23000000|line_height:38px&#187; use_theme_fonts=&#187;yes&#187; css=&#187;.vc_custom_1572544238997{padding-top: 25px !important;}&#187; el_class=&#187;lighter-weight&#187;][vc_column_text css=&#187;.vc_custom_1572544179552{padding-top: 10px !important;}&#187;]<\/p>\n<p style=\"text-align: center;\"><span style=\"color: #999999;\">\u00a0<\/span><\/p>\n<p>[\/vc_column_text][\/vc_column][\/vc_row][vc_row type=&#187;full_page_width_inner_container&#187; padding_top=&#187;&#187; padding_bottom=&#187;&#187; css=&#187;.vc_custom_1572088858990{padding-top: 50px !important;padding-bottom: 80px !important;background-image: url(http:\/\/themedemo.commercegurus.com\/broker-demodata\/wp-content\/uploads\/sites\/25\/2015\/10\/broker_faded_bg_a.jpg?id=70484) !important;background-position: center !important;background-repeat: no-repeat !important;background-size: cover !important;}&#187;][vc_column][vc_custom_heading text=&#187;Notre devise est de faire valoir les droits et int\u00e9r\u00eats des assur\u00e9s&#187; font_container=&#187;tag:p|font_size:36|text_align:center|color:%23ffffff|line_height:46px&#187; use_theme_fonts=&#187;yes&#187; css=&#187;.vc_custom_1572088909840{padding-top: 25px !important;}&#187; el_class=&#187;lighter-weight&#187;][\/vc_column][\/vc_row]<\/p>\n","protected":false},"excerpt":{"rendered":"<p>We have over 20 years of experience providing expert financial advice for both businesses and individuals. Our Investment Committee brings decades of industry expertise in driving our investment approach, portfolio construction, and allocation advice. The committee ensures our investments are best in class, combining substantiated research with the most effective investing tools available today.<\/p>\n","protected":false},"author":1,"featured_media":70585,"parent":0,"menu_order":0,"comment_status":"closed","ping_status":"closed","template":"page-full-width.php","meta":[],"acf":[],"yoast_head":"<!-- This site is optimized with the Yoast SEO plugin v19.4 - https:\/\/yoast.com\/wordpress\/plugins\/seo\/ -->\n<title>Accueil - AM-EXPERTISES<\/title>\n<meta name=\"description\" content=\"AM EXPERTISES est un cabinet d\u2019expertise et de conseil en assurance sp\u00e9cialis\u00e9 dans la gestion des sinistres et l\u2019\u00e9valuation de biens pour le compte exclusif des assur\u00e9s.\" \/>\n<meta name=\"robots\" content=\"index, follow, max-snippet:-1, max-image-preview:large, max-video-preview:-1\" \/>\n<link rel=\"canonical\" href=\"https:\/\/am-expertises.com\/\" \/>\n<meta property=\"og:locale\" content=\"ru_RU\" \/>\n<meta property=\"og:type\" content=\"article\" \/>\n<meta property=\"og:title\" content=\"Accueil - AM-EXPERTISES\" \/>\n<meta property=\"og:description\" content=\"AM EXPERTISES est un cabinet d\u2019expertise et de conseil en assurance sp\u00e9cialis\u00e9 dans la gestion des sinistres et l\u2019\u00e9valuation de biens pour le compte exclusif des assur\u00e9s.\" \/>\n<meta property=\"og:url\" content=\"https:\/\/am-expertises.com\/\" \/>\n<meta property=\"og:site_name\" content=\"AM Expertises\" \/>\n<meta property=\"article:modified_time\" content=\"2019-12-02T13:44:52+00:00\" \/>\n<meta name=\"twitter:card\" content=\"summary_large_image\" \/>\n<meta name=\"twitter:label1\" content=\"\u041f\u0440\u0438\u043c\u0435\u0440\u043d\u043e\u0435 \u0432\u0440\u0435\u043c\u044f \u0434\u043b\u044f \u0447\u0442\u0435\u043d\u0438\u044f\" \/>\n\t<meta name=\"twitter:data1\" content=\"7 \u043c\u0438\u043d\u0443\u0442\" \/>\n<script type=\"application\/ld+json\" class=\"yoast-schema-graph\">{\"@context\":\"https:\/\/schema.org\",\"@graph\":[{\"@type\":\"WebSite\",\"@id\":\"https:\/\/am-expertises.com\/#website\",\"url\":\"https:\/\/am-expertises.com\/\",\"name\":\"AM Expertises\",\"description\":\"AM Expertises vous accompagne dans tous vos sinitres\",\"potentialAction\":[{\"@type\":\"SearchAction\",\"target\":{\"@type\":\"EntryPoint\",\"urlTemplate\":\"https:\/\/am-expertises.com\/?s={search_term_string}\"},\"query-input\":\"required name=search_term_string\"}],\"inLanguage\":\"ru-RU\"},{\"@type\":\"WebPage\",\"@id\":\"https:\/\/am-expertises.com\/\",\"url\":\"https:\/\/am-expertises.com\/\",\"name\":\"Accueil - AM-EXPERTISES\",\"isPartOf\":{\"@id\":\"https:\/\/am-expertises.com\/#website\"},\"datePublished\":\"2015-10-06T12:21:51+00:00\",\"dateModified\":\"2019-12-02T13:44:52+00:00\",\"description\":\"AM EXPERTISES est un cabinet d\u2019expertise et de conseil en assurance sp\u00e9cialis\u00e9 dans la gestion des sinistres et l\u2019\u00e9valuation de biens pour le compte exclusif des assur\u00e9s.\",\"breadcrumb\":{\"@id\":\"https:\/\/am-expertises.com\/#breadcrumb\"},\"inLanguage\":\"ru-RU\",\"potentialAction\":[{\"@type\":\"ReadAction\",\"target\":[\"https:\/\/am-expertises.com\/\"]}]},{\"@type\":\"BreadcrumbList\",\"@id\":\"https:\/\/am-expertises.com\/#breadcrumb\",\"itemListElement\":[{\"@type\":\"ListItem\",\"position\":1,\"name\":\"Accueil\",\"item\":\"https:\/\/am-expertises.com\/\"},{\"@type\":\"ListItem\",\"position\":2,\"name\":\"Accueil\"}]}]}<\/script>\n<!-- \/ Yoast SEO plugin. -->","yoast_head_json":{"title":"Accueil - AM-EXPERTISES","description":"AM EXPERTISES est un cabinet d\u2019expertise et de conseil en assurance sp\u00e9cialis\u00e9 dans la gestion des sinistres et l\u2019\u00e9valuation de biens pour le compte exclusif des assur\u00e9s.","robots":{"index":"index","follow":"follow","max-snippet":"max-snippet:-1","max-image-preview":"max-image-preview:large","max-video-preview":"max-video-preview:-1"},"canonical":"https:\/\/am-expertises.com\/","og_locale":"ru_RU","og_type":"article","og_title":"Accueil - AM-EXPERTISES","og_description":"AM EXPERTISES est un cabinet d\u2019expertise et de conseil en assurance sp\u00e9cialis\u00e9 dans la gestion des sinistres et l\u2019\u00e9valuation de biens pour le compte exclusif des assur\u00e9s.","og_url":"https:\/\/am-expertises.com\/","og_site_name":"AM Expertises","article_modified_time":"2019-12-02T13:44:52+00:00","twitter_card":"summary_large_image","twitter_misc":{"\u041f\u0440\u0438\u043c\u0435\u0440\u043d\u043e\u0435 \u0432\u0440\u0435\u043c\u044f \u0434\u043b\u044f \u0447\u0442\u0435\u043d\u0438\u044f":"7 \u043c\u0438\u043d\u0443\u0442"},"schema":{"@context":"https:\/\/schema.org","@graph":[{"@type":"WebSite","@id":"https:\/\/am-expertises.com\/#website","url":"https:\/\/am-expertises.com\/","name":"AM Expertises","description":"AM Expertises vous accompagne dans tous vos sinitres","potentialAction":[{"@type":"SearchAction","target":{"@type":"EntryPoint","urlTemplate":"https:\/\/am-expertises.com\/?s={search_term_string}"},"query-input":"required name=search_term_string"}],"inLanguage":"ru-RU"},{"@type":"WebPage","@id":"https:\/\/am-expertises.com\/","url":"https:\/\/am-expertises.com\/","name":"Accueil - AM-EXPERTISES","isPartOf":{"@id":"https:\/\/am-expertises.com\/#website"},"datePublished":"2015-10-06T12:21:51+00:00","dateModified":"2019-12-02T13:44:52+00:00","description":"AM EXPERTISES est un cabinet d\u2019expertise et de conseil en assurance sp\u00e9cialis\u00e9 dans la gestion des sinistres et l\u2019\u00e9valuation de biens pour le compte exclusif des assur\u00e9s.","breadcrumb":{"@id":"https:\/\/am-expertises.com\/#breadcrumb"},"inLanguage":"ru-RU","potentialAction":[{"@type":"ReadAction","target":["https:\/\/am-expertises.com\/"]}]},{"@type":"BreadcrumbList","@id":"https:\/\/am-expertises.com\/#breadcrumb","itemListElement":[{"@type":"ListItem","position":1,"name":"Accueil","item":"https:\/\/am-expertises.com\/"},{"@type":"ListItem","position":2,"name":"Accueil"}]}]}},"_links":{"self":[{"href":"https:\/\/am-expertises.com\/index.php\/wp-json\/wp\/v2\/pages\/5"}],"collection":[{"href":"https:\/\/am-expertises.com\/index.php\/wp-json\/wp\/v2\/pages"}],"about":[{"href":"https:\/\/am-expertises.com\/index.php\/wp-json\/wp\/v2\/types\/page"}],"author":[{"embeddable":true,"href":"https:\/\/am-expertises.com\/index.php\/wp-json\/wp\/v2\/users\/1"}],"replies":[{"embeddable":true,"href":"https:\/\/am-expertises.com\/index.php\/wp-json\/wp\/v2\/comments?post=5"}],"version-history":[{"count":93,"href":"https:\/\/am-expertises.com\/index.php\/wp-json\/wp\/v2\/pages\/5\/revisions"}],"predecessor-version":[{"id":71854,"href":"https:\/\/am-expertises.com\/index.php\/wp-json\/wp\/v2\/pages\/5\/revisions\/71854"}],"wp:featuredmedia":[{"embeddable":true,"href":"https:\/\/am-expertises.com\/index.php\/wp-json\/wp\/v2\/media\/70585"}],"wp:attachment":[{"href":"https:\/\/am-expertises.com\/index.php\/wp-json\/wp\/v2\/media?parent=5"}],"curies":[{"name":"wp","href":"https:\/\/api.w.org\/{rel}","templated":true}]}}