{"id":69,"date":"2015-10-07T17:11:55","date_gmt":"2015-10-07T17:11:55","guid":{"rendered":"http:\/\/themedemo.commercegurus.com\/broker\/?page_id=69"},"modified":"2019-11-08T17:46:43","modified_gmt":"2019-11-08T16:46:43","slug":"about-us","status":"publish","type":"page","link":"https:\/\/am-expertises.com\/index.php\/about-us\/","title":{"rendered":"A propos de AM Expertises"},"content":{"rendered":"<p>[vc_row type=&#187;container&#187; padding_top=&#187;&#187; padding_bottom=&#187;&#187; css=&#187;.vc_custom_1444733628179{padding-top: 50px !important;}&#187;][vc_column width=&#187;1\/2&#8243;][vc_column_text]<\/p>\n<h4>AM EXPERTISES est un cabinet d\u2019expertise et de conseil en assurance sp\u00e9cialis\u00e9 dans la gestion des sinistres et l\u2019\u00e9valuation de biens pour le compte exclusif des assur\u00e9s.<\/h4>\n<p>Le cabinet a \u00e9t\u00e9 cr\u00e9\u00e9 en 2014 par Antony MELKONIAN et est situ\u00e9 au c\u0153ur du 16\u00e8me arrondissement de Paris.<\/p>\n<p>L\u2019\u00e9quipe du cabinet AM EXPERTISES se compose de professionnels qualifi\u00e9s et reconnus dans le monde de l\u2019expertise en assurance.<\/p>\n<p>Les ma\u00eetres-mots qui d\u00e9finissent le cabinet AM EXPERTISES sont r\u00e9activit\u00e9, diligence, pr\u00e9cision, discr\u00e9tion et s\u00e9rieux.<br \/>\nEnsemble de qualit\u00e9s qui est mis aux services des clients du cabinet.[\/vc_column_text][\/vc_column][vc_column width=&#187;1\/2&#8243;][vc_single_image image=&#187;71308&#8243; img_size=&#187;full&#187; style=&#187;vc_box_rounded&#187;][\/vc_column][\/vc_row][vc_row type=&#187;container&#187; padding_top=&#187;&#187; padding_bottom=&#187;&#187; css=&#187;.vc_custom_1444733707806{margin-bottom: 0px !important;padding-top: 15px !important;}&#187;][vc_column][vc_separator color=&#187;#e2e2e2&#8243; type=&#187;normal&#187; thickness=&#187;1&#8243; up=&#187;&#187; down=&#187;&#187;][\/vc_column][\/vc_row][vc_row type=&#187;container&#187; padding_top=&#187;&#187; padding_bottom=&#187;&#187; css=&#187;.vc_custom_1445611293527{margin-bottom: 35px !important;}&#187;][vc_column][vc_column_text css=&#187;.vc_custom_1571002772580{margin-bottom: 0px !important;}&#187;]<\/p>\n<h4>AM EXPERTISES collabore avec des clients qui lui font confiance et qui se composent de :<\/h4>\n<p>&#8212; Institutionnels<br \/>\n&#8212; PME et PMI<br \/>\n&#8212; Industriels<br \/>\n&#8212; Particuliers<br \/>\n&#8212; Administrateurs de biens &amp; g\u00e9rants d&#8217;immeubles<br \/>\n&#8212; Organismes financiers ou de services[\/vc_column_text][\/vc_column][\/vc_row]<\/p>\n","protected":false},"excerpt":{"rendered":"<p>[vc_row type=&#187;container&#187; padding_top=&#187;&#187; padding_bottom=&#187;&#187; css=&#187;.vc_custom_1444733628179{padding-top: 50px !important;}&#187;][vc_column width=&#187;1\/2&#8243;][vc_column_text] AM EXPERTISES est un cabinet d\u2019expertise et de conseil en assurance sp\u00e9cialis\u00e9 dans la gestion des sinistres et l\u2019\u00e9valuation de biens pour le compte exclusif des assur\u00e9s. Le cabinet a \u00e9t\u00e9 cr\u00e9\u00e9 en 2014 par Antony MELKONIAN et est situ\u00e9 au c\u0153ur du 16\u00e8me arrondissement de Paris. [&hellip;]<\/p>\n","protected":false},"author":1,"featured_media":317,"parent":0,"menu_order":0,"comment_status":"closed","ping_status":"closed","template":"page-full-width.php","meta":[],"acf":[],"yoast_head":"<!-- This site is optimized with the Yoast SEO plugin v19.4 - https:\/\/yoast.com\/wordpress\/plugins\/seo\/ -->\n<title>A propos de AM Expertises - AM Expertises<\/title>\n<meta name=\"robots\" content=\"index, follow, max-snippet:-1, max-image-preview:large, max-video-preview:-1\" \/>\n<link rel=\"canonical\" href=\"https:\/\/am-expertises.com\/index.php\/about-us\/\" \/>\n<meta property=\"og:locale\" content=\"ru_RU\" \/>\n<meta property=\"og:type\" content=\"article\" \/>\n<meta property=\"og:title\" content=\"A propos de AM Expertises - AM Expertises\" \/>\n<meta property=\"og:description\" content=\"[vc_row type=&#187;container&#187; padding_top=&#187;&#187; padding_bottom=&#187;&#187; css=&#187;.vc_custom_1444733628179{padding-top: 50px !important;}&#187;][vc_column width=&#187;1\/2&#8243;][vc_column_text] AM EXPERTISES est un cabinet d\u2019expertise et de conseil en assurance sp\u00e9cialis\u00e9 dans la gestion des sinistres et l\u2019\u00e9valuation de biens pour le compte exclusif des assur\u00e9s. Le cabinet a \u00e9t\u00e9 cr\u00e9\u00e9 en 2014 par Antony MELKONIAN et est situ\u00e9 au c\u0153ur du 16\u00e8me arrondissement de Paris. [&hellip;]\" \/>\n<meta property=\"og:url\" content=\"https:\/\/am-expertises.com\/index.php\/about-us\/\" \/>\n<meta property=\"og:site_name\" content=\"AM Expertises\" \/>\n<meta property=\"article:modified_time\" content=\"2019-11-08T16:46:43+00:00\" \/>\n<meta name=\"twitter:card\" content=\"summary_large_image\" \/>\n<meta name=\"twitter:label1\" content=\"\u041f\u0440\u0438\u043c\u0435\u0440\u043d\u043e\u0435 \u0432\u0440\u0435\u043c\u044f \u0434\u043b\u044f \u0447\u0442\u0435\u043d\u0438\u044f\" \/>\n\t<meta name=\"twitter:data1\" content=\"1 \u043c\u0438\u043d\u0443\u0442\u0430\" \/>\n<script type=\"application\/ld+json\" class=\"yoast-schema-graph\">{\"@context\":\"https:\/\/schema.org\",\"@graph\":[{\"@type\":\"WebSite\",\"@id\":\"https:\/\/am-expertises.com\/#website\",\"url\":\"https:\/\/am-expertises.com\/\",\"name\":\"AM Expertises\",\"description\":\"AM Expertises vous accompagne dans tous vos sinitres\",\"potentialAction\":[{\"@type\":\"SearchAction\",\"target\":{\"@type\":\"EntryPoint\",\"urlTemplate\":\"https:\/\/am-expertises.com\/?s={search_term_string}\"},\"query-input\":\"required name=search_term_string\"}],\"inLanguage\":\"ru-RU\"},{\"@type\":\"WebPage\",\"@id\":\"https:\/\/am-expertises.com\/index.php\/about-us\/\",\"url\":\"https:\/\/am-expertises.com\/index.php\/about-us\/\",\"name\":\"A propos de AM Expertises - AM Expertises\",\"isPartOf\":{\"@id\":\"https:\/\/am-expertises.com\/#website\"},\"datePublished\":\"2015-10-07T17:11:55+00:00\",\"dateModified\":\"2019-11-08T16:46:43+00:00\",\"breadcrumb\":{\"@id\":\"https:\/\/am-expertises.com\/index.php\/about-us\/#breadcrumb\"},\"inLanguage\":\"ru-RU\",\"potentialAction\":[{\"@type\":\"ReadAction\",\"target\":[\"https:\/\/am-expertises.com\/index.php\/about-us\/\"]}]},{\"@type\":\"BreadcrumbList\",\"@id\":\"https:\/\/am-expertises.com\/index.php\/about-us\/#breadcrumb\",\"itemListElement\":[{\"@type\":\"ListItem\",\"position\":1,\"name\":\"Accueil\",\"item\":\"https:\/\/am-expertises.com\/\"},{\"@type\":\"ListItem\",\"position\":2,\"name\":\"A propos de AM Expertises\"}]}]}<\/script>\n<!-- \/ Yoast SEO plugin. -->","yoast_head_json":{"title":"A propos de AM Expertises - AM Expertises","robots":{"index":"index","follow":"follow","max-snippet":"max-snippet:-1","max-image-preview":"max-image-preview:large","max-video-preview":"max-video-preview:-1"},"canonical":"https:\/\/am-expertises.com\/index.php\/about-us\/","og_locale":"ru_RU","og_type":"article","og_title":"A propos de AM Expertises - AM Expertises","og_description":"[vc_row type=&#187;container&#187; padding_top=&#187;&#187; padding_bottom=&#187;&#187; css=&#187;.vc_custom_1444733628179{padding-top: 50px !important;}&#187;][vc_column width=&#187;1\/2&#8243;][vc_column_text] AM EXPERTISES est un cabinet d\u2019expertise et de conseil en assurance sp\u00e9cialis\u00e9 dans la gestion des sinistres et l\u2019\u00e9valuation de biens pour le compte exclusif des assur\u00e9s. Le cabinet a \u00e9t\u00e9 cr\u00e9\u00e9 en 2014 par Antony MELKONIAN et est situ\u00e9 au c\u0153ur du 16\u00e8me arrondissement de Paris. [&hellip;]","og_url":"https:\/\/am-expertises.com\/index.php\/about-us\/","og_site_name":"AM Expertises","article_modified_time":"2019-11-08T16:46:43+00:00","twitter_card":"summary_large_image","twitter_misc":{"\u041f\u0440\u0438\u043c\u0435\u0440\u043d\u043e\u0435 \u0432\u0440\u0435\u043c\u044f \u0434\u043b\u044f \u0447\u0442\u0435\u043d\u0438\u044f":"1 \u043c\u0438\u043d\u0443\u0442\u0430"},"schema":{"@context":"https:\/\/schema.org","@graph":[{"@type":"WebSite","@id":"https:\/\/am-expertises.com\/#website","url":"https:\/\/am-expertises.com\/","name":"AM Expertises","description":"AM Expertises vous accompagne dans tous vos sinitres","potentialAction":[{"@type":"SearchAction","target":{"@type":"EntryPoint","urlTemplate":"https:\/\/am-expertises.com\/?s={search_term_string}"},"query-input":"required name=search_term_string"}],"inLanguage":"ru-RU"},{"@type":"WebPage","@id":"https:\/\/am-expertises.com\/index.php\/about-us\/","url":"https:\/\/am-expertises.com\/index.php\/about-us\/","name":"A propos de AM Expertises - AM Expertises","isPartOf":{"@id":"https:\/\/am-expertises.com\/#website"},"datePublished":"2015-10-07T17:11:55+00:00","dateModified":"2019-11-08T16:46:43+00:00","breadcrumb":{"@id":"https:\/\/am-expertises.com\/index.php\/about-us\/#breadcrumb"},"inLanguage":"ru-RU","potentialAction":[{"@type":"ReadAction","target":["https:\/\/am-expertises.com\/index.php\/about-us\/"]}]},{"@type":"BreadcrumbList","@id":"https:\/\/am-expertises.com\/index.php\/about-us\/#breadcrumb","itemListElement":[{"@type":"ListItem","position":1,"name":"Accueil","item":"https:\/\/am-expertises.com\/"},{"@type":"ListItem","position":2,"name":"A propos de AM Expertises"}]}]}},"_links":{"self":[{"href":"https:\/\/am-expertises.com\/index.php\/wp-json\/wp\/v2\/pages\/69"}],"collection":[{"href":"https:\/\/am-expertises.com\/index.php\/wp-json\/wp\/v2\/pages"}],"about":[{"href":"https:\/\/am-expertises.com\/index.php\/wp-json\/wp\/v2\/types\/page"}],"author":[{"embeddable":true,"href":"https:\/\/am-expertises.com\/index.php\/wp-json\/wp\/v2\/users\/1"}],"replies":[{"embeddable":true,"href":"https:\/\/am-expertises.com\/index.php\/wp-json\/wp\/v2\/comments?post=69"}],"version-history":[{"count":25,"href":"https:\/\/am-expertises.com\/index.php\/wp-json\/wp\/v2\/pages\/69\/revisions"}],"predecessor-version":[{"id":71725,"href":"https:\/\/am-expertises.com\/index.php\/wp-json\/wp\/v2\/pages\/69\/revisions\/71725"}],"wp:featuredmedia":[{"embeddable":true,"href":"https:\/\/am-expertises.com\/index.php\/wp-json\/wp\/v2\/media\/317"}],"wp:attachment":[{"href":"https:\/\/am-expertises.com\/index.php\/wp-json\/wp\/v2\/media?parent=69"}],"curies":[{"name":"wp","href":"https:\/\/api.w.org\/{rel}","templated":true}]}}