{"id":70932,"date":"2017-09-06T12:43:38","date_gmt":"2017-09-06T12:43:38","guid":{"rendered":"http:\/\/broker.dev\/?page_id=70759"},"modified":"2019-12-11T17:51:11","modified_gmt":"2019-12-11T16:51:11","slug":"home-five","status":"publish","type":"page","link":"https:\/\/am-expertises.com\/index.php\/home-five\/","title":{"rendered":"Lexique et documents"},"content":{"rendered":"<p>[vc_row type=&#187;container&#187; padding_top=&#187;&#187; padding_bottom=&#187;&#187;][vc_column][vc_column_text]<\/p>\n<h2 style=\"text-align: left;\">Lexiques et Documents Pratiques<\/h2>\n<p>[\/vc_column_text][\/vc_column][\/vc_row][vc_row type=&#187;container&#187; padding_top=&#187;&#187; padding_bottom=&#187;&#187; css=&#187;.vc_custom_1504710045434{padding-top: 5px !important;padding-bottom: 55px !important;}&#187;][vc_column width=&#187;1\/2&#8243;][vc_column_text css=&#187;.vc_custom_1571148924675{padding-right: 15px !important;}&#187;]<\/p>\n<h2>Lexiques<\/h2>\n<p>Vous trouverez les lexiques ci-dessous[\/vc_column_text][vc_toggle title=&#187;Expertise amiable et contradictoire&#187; color=&#187;blue&#187; el_id=&#187;1444825588835-f3c49cbe-b447&#8243;]<span style=\"color: #808080;\">Consiste \u00e0 fixer d\u2019un commun accord le montant des dommages et de l\u2019indemnit\u00e9 due par l\u2019assureur. Ainsi, l\u2019\u00e9valuation des dommages se fait amiablement et contradictoirement avec l\u2019expert de la compagnie d\u2019assurance.<\/span>[\/vc_toggle][vc_toggle title=&#187;Mesures conservatoires\/d\u2019urgence&#187; color=&#187;blue&#187; el_id=&#187;1476714829108-a3693e9b-d1f8&#8243;]<span style=\"color: #808080;\">Ensemble des mesures destin\u00e9es \u00e0 limiter les cons\u00e9quences d\u2019un sinistre (sauvetage des biens assur\u00e9s, b\u00e2chage de l\u2019immeuble sinistr\u00e9, mise hors d\u2019eau et hors d\u2019air, nettoyage, etc.).<\/span>[\/vc_toggle][vc_toggle title=&#187;R\u00e8gle proportionnelle de capitaux :&#187; color=&#187;blue&#187;]<span style=\"color: #808080;\">La r\u00e8gle proportionnelle de capitaux s\u2019applique lorsque le<br \/>\ncontrat d\u2019assurance couvre les biens assur\u00e9s sur la base d\u2019un capital, correspondant au montant de leur valeur d\u00e9clar\u00e9e. Le montant de la prime est obtenu en multipliant ce capital par un certain pourcentage, ou taux de prime. En cas de sinistre, la valeur des biens situ\u00e9s \u00e0 l\u2019adresse du risque doit correspondre au montant des capitaux souscrits\u00a0; \u00e0 d\u00e9faut, il peut y avoir surassurance ou sous-assurance..<\/span>[\/vc_toggle][vc_toggle title=&#187;R\u00e8gle proportionnelle de prime&#187; color=&#187;blue&#187;]<span style=\"color: #808080;\">R\u00e9duction d\u2019indemnit\u00e9 applicable \u00e0 la suite d\u2019un sinistre lorsque l\u2019assur\u00e9 a fait une d\u00e9claration inexacte de son risque. Dans le cas o\u00f9 la constatation par l\u2019assureur de la d\u00e9claration inexacte faite de bonne foi n\u2019a lieu qu\u2019apr\u00e8s un sinistre,\u00a0l\u2019indemnit\u00e9 est r\u00e9duite en proportion du taux des primes pay\u00e9es par rapport au taux des primes qui auraient \u00e9t\u00e9 dues si les risques avaient \u00e9t\u00e9 compl\u00e9tement et exactement d\u00e9clar\u00e9s.<\/span>[\/vc_toggle][vc_toggle title=&#187;Surassurance&#187; color=&#187;blue&#187;]<span style=\"color: #808080;\">Il y a surassurance lorsque la valeur de la chose assur\u00e9e est inf\u00e9rieure \u00e0 la somme assur\u00e9e. Dans ce cas, l\u2019indemnit\u00e9 due par l\u2019assureur doit correspondre \u00e0 la valeur r\u00e9elle de la chose\u00a0; l\u2019assureur ne peut aller au-del\u00e0 et ne doit pas verser \u00e0 l\u2019assur\u00e9 le montant de la somme assur\u00e9e, en application du principe indemnitaire<\/span>[\/vc_toggle][vc_toggle title=&#187;Sous-assurance&#187; color=&#187;blue&#187;]<span style=\"color: #808080;\">Situation dans laquelle se trouve l\u2019assur\u00e9 lorsque la valeur de la chose exc\u00e8de au jour du sinistre le montant de la somme garantie.<\/span>[\/vc_toggle][vc_toggle title=&#187;Valeur \u00e0 neuf&#187; color=&#187;blue&#187;]<span style=\"color: #808080;\">Indemnit\u00e9 correspondant \u00e0 la valeur de reconstruction \u00e0 neuf au jour du sinistre des biens immobiliers garantis. L\u2019assureur r\u00e8gle dans un premier temps la valeur de reconstruction v\u00e9tust\u00e9 d\u00e9duite, puis, lorsque l\u2019assur\u00e9 a fait reconstruire, le compl\u00e9ment ou valeur \u00e0 neuf.<\/span>[\/vc_toggle][vc_toggle title=&#187;Valeur d\u2019usage&#187; color=&#187;blue&#187; el_id=&#187;1476714834103-1abcdef9-a47a&#187;]<span style=\"color: #808080;\">Valeur d\u2019un bien non destin\u00e9 \u00e0 la vente, calcul\u00e9e en fonction de l\u2019utilit\u00e9 qu\u2019il procure \u00e0 son d\u00e9tenteur et non de sa valeur marchande.<\/span>[\/vc_toggle][vc_toggle title=&#187;V\u00e9tust\u00e9&#187; color=&#187;blue&#187;]<span style=\"color: #808080;\">La v\u00e9tust\u00e9 est la d\u00e9pr\u00e9ciation que subit un bien une fois qu&#8217;il a \u00e9t\u00e9 achet\u00e9, qu&#8217;elle qu&#8217;en soit la cause. Cette d\u00e9pr\u00e9ciation est in\u00e9luctable et imm\u00e9diate apr\u00e8s l&#8217;achat. Le bien acquis a une valeur d&#8217;occasion et c&#8217;est cette valeur d&#8217;occasion que l&#8217;expert est cens\u00e9 \u00e9valuer apr\u00e8s un sinistre.<br \/>\n<\/span>[\/vc_toggle][\/vc_column][vc_column width=&#187;1\/2&#8243;][vc_single_image image=&#187;71368&#8243; img_size=&#187;full&#187; style=&#187;vc_box_rounded&#187; css=&#187;.vc_custom_1571148042453{margin-top: 40px !important;}&#187;][\/vc_column][\/vc_row][vc_row type=&#187;full_page_width_inner_container&#187; padding_top=&#187;&#187; padding_bottom=&#187;&#187; css=&#187;.vc_custom_1504707065032{margin-bottom: 0px !important;padding-bottom: 60px !important;}&#187;][vc_column width=&#187;1\/4&#8243; offset=&#187;vc_col-lg-6&#8243;][vc_single_image image=&#187;71378&#8243; img_size=&#187;full&#187; style=&#187;vc_box_rounded&#187; css=&#187;.vc_custom_1571150213160{margin-top: 40px !important;}&#187;][\/vc_column][vc_column width=&#187;5\/12&#8243; offset=&#187;vc_col-lg-offset-1&#8243;][vc_column_text css_animation=&#187;none&#187;]<\/p>\n<h2 style=\"text-align: left;\">Documents Pratiques<\/h2>\n<p style=\"text-align: left;\"><img loading=\"lazy\" class=\"alignnone\" src=\"https:\/\/am-expertises.com\/wp-content\/uploads\/2019\/11\/raw.jpeg\" alt=\"DEGAT-DES-EAUX\" width=\"50\" height=\"75\" \/><span style=\"color: #000000;\"><a style=\"color: #000000; text-decoration: none;\" href=\"https:\/\/am-expertises.com\/wp-content\/uploads\/2019\/11\/CONSTAT-AMIABLE-DEGAT-DES-EAUX.pdf\">Constat amiable et d\u00e9g\u00e2ts des eaux<\/a><\/span><\/p>\n<p style=\"text-align: left;\"><a href=\"https:\/\/am-expertises.com\/wp-content\/uploads\/2019\/11\/raw.jpeg\"><br \/>\n<img loading=\"lazy\" class=\"alignnone\" src=\"https:\/\/am-expertises.com\/wp-content\/uploads\/2019\/11\/raw.jpeg\" alt=\"LETTRE-DE-RESILIATION\" width=\"50\" height=\"75\" \/><\/a><span style=\"color: #000000;\"><a style=\"color: #000000; text-decoration: none;\" href=\"https:\/\/am-expertises.com\/wp-content\/uploads\/2019\/11\/MODELE-LETTRE-RAR-RESILIATION-CONTRAT-DASSURANCE-1.pdf\">Mod\u00e8le lettre par r\u00e9siliation contrat d&#8217;assurance<\/a><\/span><\/p>\n<p style=\"text-align: left;\"><a href=\"https:\/\/am-expertises.com\/wp-content\/uploads\/2019\/11\/raw.jpeg\"><br \/>\n<img loading=\"lazy\" class=\"alignnone\" src=\"https:\/\/am-expertises.com\/wp-content\/uploads\/2019\/11\/raw.jpeg\" alt=\"LETTRE-DE-RESILIATION\" width=\"50\" height=\"75\" \/><\/a><span style=\"color: #000000;\"><a style=\"color: #000000; text-decoration: none;\" href=\"https:\/\/am-expertises.com\/wp-content\/uploads\/2019\/11\/MODELE-LETTRE-RAR-RESILIATION-CONTRAT-DASSURANCE-2.pdf\">Mod\u00e8le lettre par r\u00e9siliation contrat d&#8217;assurance-2<\/a><\/span><\/p>\n<p>&nbsp;<\/p>\n<p style=\"text-align: left;\">\u00a0\u00a0<img loading=\"lazy\" class=\"alignnone wp-image-71895\" src=\"https:\/\/am-expertises.com\/wp-content\/uploads\/2019\/12\/Wordicon-300x169.jpg\" alt=\"LETTRE-DECLARATION-SINISTRE\" width=\"39\" height=\"22\" srcset=\"https:\/\/am-expertises.com\/wp-content\/uploads\/2019\/12\/Wordicon-300x169.jpg 300w, https:\/\/am-expertises.com\/wp-content\/uploads\/2019\/12\/Wordicon-768x432.jpg 768w, https:\/\/am-expertises.com\/wp-content\/uploads\/2019\/12\/Wordicon-1024x576.jpg 1024w, https:\/\/am-expertises.com\/wp-content\/uploads\/2019\/12\/Wordicon.jpg 1200w\" sizes=\"(max-width: 39px) 100vw, 39px\" \/> <span style=\"color: #000000;\"><a style=\"color: #000000; text-decoration: none;\" href=\"https:\/\/am-expertises.com\/wp-content\/uploads\/2019\/11\/MODELE-LETTRE-DECLARATION-DE-SINISTRE.doc\">Mod\u00e8le lettre d\u00e9claration de sinistre<\/a><\/span><\/p>\n<p>[\/vc_column_text][\/vc_column][\/vc_row][vc_row type=&#187;full_page_width&#187; padding_top=&#187;&#187; padding_bottom=&#187;&#187; css=&#187;.vc_custom_1504630212697{margin-bottom: 15px !important;}&#187;][vc_column][vc_separator color=&#187;#eeeeee&#187; type=&#187;normal&#187; thickness=&#187;1&#8243; up=&#187;&#187; down=&#187;&#187;][\/vc_column][\/vc_row][vc_row type=&#187;full_page_width_inner_container&#187; padding_top=&#187;&#187; padding_bottom=&#187;&#187; css=&#187;.vc_custom_1510417053267{margin-bottom: 0px !important;padding-top: 50px !important;padding-bottom: 80px !important;background: #bcbcbc url(http:\/\/themedemo.commercegurus.com\/broker-demodata\/wp-content\/uploads\/sites\/25\/2015\/10\/broker_faded_bg_a.jpg?id=70484) !important;background-position: center !important;background-repeat: no-repeat !important;background-size: cover !important;}&#187;][vc_column][vc_custom_heading text=&#187;Notre devise est de faire valoir les droits et int\u00e9r\u00eats des assur\u00e9s&#187; font_container=&#187;tag:p|font_size:36|text_align:center|color:%23ffffff|line_height:46px&#187; use_theme_fonts=&#187;yes&#187; css=&#187;.vc_custom_1572523675190{padding-top: 25px !important;}&#187;][\/vc_column][\/vc_row]<\/p>\n","protected":false},"excerpt":{"rendered":"<p>[vc_row type=&#187;container&#187; padding_top=&#187;&#187; padding_bottom=&#187;&#187;][vc_column][vc_column_text] Lexiques et Documents Pratiques [\/vc_column_text][\/vc_column][\/vc_row][vc_row type=&#187;container&#187; padding_top=&#187;&#187; padding_bottom=&#187;&#187; css=&#187;.vc_custom_1504710045434{padding-top: 5px !important;padding-bottom: 55px !important;}&#187;][vc_column width=&#187;1\/2&#8243;][vc_column_text css=&#187;.vc_custom_1571148924675{padding-right: 15px !important;}&#187;] Lexiques Vous trouverez les lexiques ci-dessous[\/vc_column_text][vc_toggle title=&#187;Expertise amiable et contradictoire&#187; color=&#187;blue&#187; el_id=&#187;1444825588835-f3c49cbe-b447&#8243;]Consiste \u00e0 fixer d\u2019un commun accord le montant des dommages et de l\u2019indemnit\u00e9 due par l\u2019assureur. Ainsi, l\u2019\u00e9valuation des dommages se fait amiablement [&hellip;]<\/p>\n","protected":false},"author":1,"featured_media":0,"parent":0,"menu_order":0,"comment_status":"closed","ping_status":"closed","template":"page-full-width.php","meta":[],"acf":[],"yoast_head":"<!-- This site is optimized with the Yoast SEO plugin v19.4 - https:\/\/yoast.com\/wordpress\/plugins\/seo\/ -->\n<title>Lexique et documents - AM Expertises<\/title>\n<meta name=\"robots\" content=\"index, follow, max-snippet:-1, max-image-preview:large, max-video-preview:-1\" \/>\n<link rel=\"canonical\" href=\"https:\/\/am-expertises.com\/index.php\/home-five\/\" \/>\n<meta property=\"og:locale\" content=\"ru_RU\" \/>\n<meta property=\"og:type\" content=\"article\" \/>\n<meta property=\"og:title\" content=\"Lexique et documents - AM Expertises\" \/>\n<meta property=\"og:description\" content=\"[vc_row type=&#187;container&#187; padding_top=&#187;&#187; padding_bottom=&#187;&#187;][vc_column][vc_column_text] Lexiques et Documents Pratiques [\/vc_column_text][\/vc_column][\/vc_row][vc_row type=&#187;container&#187; padding_top=&#187;&#187; padding_bottom=&#187;&#187; css=&#187;.vc_custom_1504710045434{padding-top: 5px !important;padding-bottom: 55px !important;}&#187;][vc_column width=&#187;1\/2&#8243;][vc_column_text css=&#187;.vc_custom_1571148924675{padding-right: 15px !important;}&#187;] Lexiques Vous trouverez les lexiques ci-dessous[\/vc_column_text][vc_toggle title=&#187;Expertise amiable et contradictoire&#187; color=&#187;blue&#187; el_id=&#187;1444825588835-f3c49cbe-b447&#8243;]Consiste \u00e0 fixer d\u2019un commun accord le montant des dommages et de l\u2019indemnit\u00e9 due par l\u2019assureur. Ainsi, l\u2019\u00e9valuation des dommages se fait amiablement [&hellip;]\" \/>\n<meta property=\"og:url\" content=\"https:\/\/am-expertises.com\/index.php\/home-five\/\" \/>\n<meta property=\"og:site_name\" content=\"AM Expertises\" \/>\n<meta property=\"article:modified_time\" content=\"2019-12-11T16:51:11+00:00\" \/>\n<meta property=\"og:image\" content=\"https:\/\/am-expertises.com\/wp-content\/uploads\/2019\/11\/raw.jpeg\" \/>\n<meta name=\"twitter:card\" content=\"summary_large_image\" \/>\n<meta name=\"twitter:label1\" content=\"\u041f\u0440\u0438\u043c\u0435\u0440\u043d\u043e\u0435 \u0432\u0440\u0435\u043c\u044f \u0434\u043b\u044f \u0447\u0442\u0435\u043d\u0438\u044f\" \/>\n\t<meta name=\"twitter:data1\" content=\"4 \u043c\u0438\u043d\u0443\u0442\u044b\" \/>\n<script type=\"application\/ld+json\" class=\"yoast-schema-graph\">{\"@context\":\"https:\/\/schema.org\",\"@graph\":[{\"@type\":\"WebSite\",\"@id\":\"https:\/\/am-expertises.com\/#website\",\"url\":\"https:\/\/am-expertises.com\/\",\"name\":\"AM Expertises\",\"description\":\"AM Expertises vous accompagne dans tous vos sinitres\",\"potentialAction\":[{\"@type\":\"SearchAction\",\"target\":{\"@type\":\"EntryPoint\",\"urlTemplate\":\"https:\/\/am-expertises.com\/?s={search_term_string}\"},\"query-input\":\"required name=search_term_string\"}],\"inLanguage\":\"ru-RU\"},{\"@type\":\"WebPage\",\"@id\":\"https:\/\/am-expertises.com\/index.php\/home-five\/\",\"url\":\"https:\/\/am-expertises.com\/index.php\/home-five\/\",\"name\":\"Lexique et documents - AM Expertises\",\"isPartOf\":{\"@id\":\"https:\/\/am-expertises.com\/#website\"},\"datePublished\":\"2017-09-06T12:43:38+00:00\",\"dateModified\":\"2019-12-11T16:51:11+00:00\",\"breadcrumb\":{\"@id\":\"https:\/\/am-expertises.com\/index.php\/home-five\/#breadcrumb\"},\"inLanguage\":\"ru-RU\",\"potentialAction\":[{\"@type\":\"ReadAction\",\"target\":[\"https:\/\/am-expertises.com\/index.php\/home-five\/\"]}]},{\"@type\":\"BreadcrumbList\",\"@id\":\"https:\/\/am-expertises.com\/index.php\/home-five\/#breadcrumb\",\"itemListElement\":[{\"@type\":\"ListItem\",\"position\":1,\"name\":\"Accueil\",\"item\":\"https:\/\/am-expertises.com\/\"},{\"@type\":\"ListItem\",\"position\":2,\"name\":\"Lexique et documents\"}]}]}<\/script>\n<!-- \/ Yoast SEO plugin. -->","yoast_head_json":{"title":"Lexique et documents - AM Expertises","robots":{"index":"index","follow":"follow","max-snippet":"max-snippet:-1","max-image-preview":"max-image-preview:large","max-video-preview":"max-video-preview:-1"},"canonical":"https:\/\/am-expertises.com\/index.php\/home-five\/","og_locale":"ru_RU","og_type":"article","og_title":"Lexique et documents - AM Expertises","og_description":"[vc_row type=&#187;container&#187; padding_top=&#187;&#187; padding_bottom=&#187;&#187;][vc_column][vc_column_text] Lexiques et Documents Pratiques [\/vc_column_text][\/vc_column][\/vc_row][vc_row type=&#187;container&#187; padding_top=&#187;&#187; padding_bottom=&#187;&#187; css=&#187;.vc_custom_1504710045434{padding-top: 5px !important;padding-bottom: 55px !important;}&#187;][vc_column width=&#187;1\/2&#8243;][vc_column_text css=&#187;.vc_custom_1571148924675{padding-right: 15px !important;}&#187;] Lexiques Vous trouverez les lexiques ci-dessous[\/vc_column_text][vc_toggle title=&#187;Expertise amiable et contradictoire&#187; color=&#187;blue&#187; el_id=&#187;1444825588835-f3c49cbe-b447&#8243;]Consiste \u00e0 fixer d\u2019un commun accord le montant des dommages et de l\u2019indemnit\u00e9 due par l\u2019assureur. Ainsi, l\u2019\u00e9valuation des dommages se fait amiablement [&hellip;]","og_url":"https:\/\/am-expertises.com\/index.php\/home-five\/","og_site_name":"AM Expertises","article_modified_time":"2019-12-11T16:51:11+00:00","og_image":[{"url":"https:\/\/am-expertises.com\/wp-content\/uploads\/2019\/11\/raw.jpeg"}],"twitter_card":"summary_large_image","twitter_misc":{"\u041f\u0440\u0438\u043c\u0435\u0440\u043d\u043e\u0435 \u0432\u0440\u0435\u043c\u044f \u0434\u043b\u044f \u0447\u0442\u0435\u043d\u0438\u044f":"4 \u043c\u0438\u043d\u0443\u0442\u044b"},"schema":{"@context":"https:\/\/schema.org","@graph":[{"@type":"WebSite","@id":"https:\/\/am-expertises.com\/#website","url":"https:\/\/am-expertises.com\/","name":"AM Expertises","description":"AM Expertises vous accompagne dans tous vos sinitres","potentialAction":[{"@type":"SearchAction","target":{"@type":"EntryPoint","urlTemplate":"https:\/\/am-expertises.com\/?s={search_term_string}"},"query-input":"required name=search_term_string"}],"inLanguage":"ru-RU"},{"@type":"WebPage","@id":"https:\/\/am-expertises.com\/index.php\/home-five\/","url":"https:\/\/am-expertises.com\/index.php\/home-five\/","name":"Lexique et documents - AM Expertises","isPartOf":{"@id":"https:\/\/am-expertises.com\/#website"},"datePublished":"2017-09-06T12:43:38+00:00","dateModified":"2019-12-11T16:51:11+00:00","breadcrumb":{"@id":"https:\/\/am-expertises.com\/index.php\/home-five\/#breadcrumb"},"inLanguage":"ru-RU","potentialAction":[{"@type":"ReadAction","target":["https:\/\/am-expertises.com\/index.php\/home-five\/"]}]},{"@type":"BreadcrumbList","@id":"https:\/\/am-expertises.com\/index.php\/home-five\/#breadcrumb","itemListElement":[{"@type":"ListItem","position":1,"name":"Accueil","item":"https:\/\/am-expertises.com\/"},{"@type":"ListItem","position":2,"name":"Lexique et documents"}]}]}},"_links":{"self":[{"href":"https:\/\/am-expertises.com\/index.php\/wp-json\/wp\/v2\/pages\/70932"}],"collection":[{"href":"https:\/\/am-expertises.com\/index.php\/wp-json\/wp\/v2\/pages"}],"about":[{"href":"https:\/\/am-expertises.com\/index.php\/wp-json\/wp\/v2\/types\/page"}],"author":[{"embeddable":true,"href":"https:\/\/am-expertises.com\/index.php\/wp-json\/wp\/v2\/users\/1"}],"replies":[{"embeddable":true,"href":"https:\/\/am-expertises.com\/index.php\/wp-json\/wp\/v2\/comments?post=70932"}],"version-history":[{"count":128,"href":"https:\/\/am-expertises.com\/index.php\/wp-json\/wp\/v2\/pages\/70932\/revisions"}],"predecessor-version":[{"id":71905,"href":"https:\/\/am-expertises.com\/index.php\/wp-json\/wp\/v2\/pages\/70932\/revisions\/71905"}],"wp:attachment":[{"href":"https:\/\/am-expertises.com\/index.php\/wp-json\/wp\/v2\/media?parent=70932"}],"curies":[{"name":"wp","href":"https:\/\/api.w.org\/{rel}","templated":true}]}}