{"id":71442,"date":"2019-10-26T14:34:27","date_gmt":"2019-10-26T12:34:27","guid":{"rendered":"https:\/\/am-expertises.com\/?page_id=71442"},"modified":"2019-10-26T15:40:41","modified_gmt":"2019-10-26T13:40:41","slug":"dommages-electriques","status":"publish","type":"page","link":"https:\/\/am-expertises.com\/index.php\/services\/dommages-electriques\/","title":{"rendered":"Dommages \u00e9lectriques"},"content":{"rendered":"<p>[vc_row type=&#187;container&#187; padding_top=&#187;&#187; padding_bottom=&#187;&#187;][vc_column][vc_column_text]<p>[\/vc_column_text][\/vc_column][\/vc_row][vc_row type=&#187;container&#187; padding_top=&#187;&#187; padding_bottom=&#187;&#187;][vc_column width=&#187;1\/2&#8243; css=&#187;.vc_custom_1444995131822{margin-bottom: 35px !important;}&#187;][vc_column_text css=&#187;.vc_custom_1572095322312{margin-bottom: 0px !important;}&#187;]<\/p>\n<p><span style=\"font-weight: 400;\">Nous \u00e9tablissons avec vous un \u00e9tat d\u00e9taill\u00e9, chiffr\u00e9 et document\u00e9 de vos dommages, frais et pertes, servant de base de r\u00e9clamation.<\/span><\/p>\n<p>[\/vc_column_text][\/vc_column][vc_column width=&#187;1\/2&#8243;][vc_single_image image=&#187;71277&#8243; img_size=&#187;full&#187; add_caption=&#187;yes&#187; onclick=&#187;link_image&#187;][\/vc_column][\/vc_row]<\/p>\n","protected":false},"excerpt":{"rendered":"<p>[vc_row type=&#187;container&#187; padding_top=&#187;&#187; padding_bottom=&#187;&#187;][vc_column][vc_column_text]<\/p>\n","protected":false},"author":1,"featured_media":0,"parent":73,"menu_order":7,"comment_status":"closed","ping_status":"closed","template":"","meta":[],"acf":[],"yoast_head":"<!-- This site is optimized with the Yoast SEO plugin v19.4 - https:\/\/yoast.com\/wordpress\/plugins\/seo\/ -->\n<title>Dommages \u00e9lectriques - AM Expertises<\/title>\n<meta name=\"robots\" content=\"index, follow, max-snippet:-1, max-image-preview:large, max-video-preview:-1\" \/>\n<link rel=\"canonical\" href=\"https:\/\/am-expertises.com\/index.php\/services\/dommages-electriques\/\" \/>\n<meta property=\"og:locale\" content=\"ru_RU\" \/>\n<meta property=\"og:type\" content=\"article\" \/>\n<meta property=\"og:title\" content=\"Dommages \u00e9lectriques - AM Expertises\" \/>\n<meta property=\"og:description\" content=\"[vc_row type=&#187;container&#187; padding_top=&#187;&#187; padding_bottom=&#187;&#187;][vc_column][vc_column_text]\" \/>\n<meta property=\"og:url\" content=\"https:\/\/am-expertises.com\/index.php\/services\/dommages-electriques\/\" \/>\n<meta property=\"og:site_name\" content=\"AM Expertises\" \/>\n<meta property=\"article:modified_time\" content=\"2019-10-26T13:40:41+00:00\" \/>\n<meta name=\"twitter:card\" content=\"summary_large_image\" \/>\n<script type=\"application\/ld+json\" class=\"yoast-schema-graph\">{\"@context\":\"https:\/\/schema.org\",\"@graph\":[{\"@type\":\"WebSite\",\"@id\":\"https:\/\/am-expertises.com\/#website\",\"url\":\"https:\/\/am-expertises.com\/\",\"name\":\"AM Expertises\",\"description\":\"AM Expertises vous accompagne dans tous vos sinitres\",\"potentialAction\":[{\"@type\":\"SearchAction\",\"target\":{\"@type\":\"EntryPoint\",\"urlTemplate\":\"https:\/\/am-expertises.com\/?s={search_term_string}\"},\"query-input\":\"required name=search_term_string\"}],\"inLanguage\":\"ru-RU\"},{\"@type\":\"WebPage\",\"@id\":\"https:\/\/am-expertises.com\/index.php\/services\/dommages-electriques\/\",\"url\":\"https:\/\/am-expertises.com\/index.php\/services\/dommages-electriques\/\",\"name\":\"Dommages \u00e9lectriques - AM Expertises\",\"isPartOf\":{\"@id\":\"https:\/\/am-expertises.com\/#website\"},\"datePublished\":\"2019-10-26T12:34:27+00:00\",\"dateModified\":\"2019-10-26T13:40:41+00:00\",\"breadcrumb\":{\"@id\":\"https:\/\/am-expertises.com\/index.php\/services\/dommages-electriques\/#breadcrumb\"},\"inLanguage\":\"ru-RU\",\"potentialAction\":[{\"@type\":\"ReadAction\",\"target\":[\"https:\/\/am-expertises.com\/index.php\/services\/dommages-electriques\/\"]}]},{\"@type\":\"BreadcrumbList\",\"@id\":\"https:\/\/am-expertises.com\/index.php\/services\/dommages-electriques\/#breadcrumb\",\"itemListElement\":[{\"@type\":\"ListItem\",\"position\":1,\"name\":\"Accueil\",\"item\":\"https:\/\/am-expertises.com\/\"},{\"@type\":\"ListItem\",\"position\":2,\"name\":\"Nos domaines d&#8217;intervention\",\"item\":\"https:\/\/am-expertises.com\/index.php\/services\/\"},{\"@type\":\"ListItem\",\"position\":3,\"name\":\"Dommages \u00e9lectriques\"}]}]}<\/script>\n<!-- \/ Yoast SEO plugin. -->","yoast_head_json":{"title":"Dommages \u00e9lectriques - AM Expertises","robots":{"index":"index","follow":"follow","max-snippet":"max-snippet:-1","max-image-preview":"max-image-preview:large","max-video-preview":"max-video-preview:-1"},"canonical":"https:\/\/am-expertises.com\/index.php\/services\/dommages-electriques\/","og_locale":"ru_RU","og_type":"article","og_title":"Dommages \u00e9lectriques - AM Expertises","og_description":"[vc_row type=&#187;container&#187; padding_top=&#187;&#187; padding_bottom=&#187;&#187;][vc_column][vc_column_text]","og_url":"https:\/\/am-expertises.com\/index.php\/services\/dommages-electriques\/","og_site_name":"AM Expertises","article_modified_time":"2019-10-26T13:40:41+00:00","twitter_card":"summary_large_image","schema":{"@context":"https:\/\/schema.org","@graph":[{"@type":"WebSite","@id":"https:\/\/am-expertises.com\/#website","url":"https:\/\/am-expertises.com\/","name":"AM Expertises","description":"AM Expertises vous accompagne dans tous vos sinitres","potentialAction":[{"@type":"SearchAction","target":{"@type":"EntryPoint","urlTemplate":"https:\/\/am-expertises.com\/?s={search_term_string}"},"query-input":"required name=search_term_string"}],"inLanguage":"ru-RU"},{"@type":"WebPage","@id":"https:\/\/am-expertises.com\/index.php\/services\/dommages-electriques\/","url":"https:\/\/am-expertises.com\/index.php\/services\/dommages-electriques\/","name":"Dommages \u00e9lectriques - AM Expertises","isPartOf":{"@id":"https:\/\/am-expertises.com\/#website"},"datePublished":"2019-10-26T12:34:27+00:00","dateModified":"2019-10-26T13:40:41+00:00","breadcrumb":{"@id":"https:\/\/am-expertises.com\/index.php\/services\/dommages-electriques\/#breadcrumb"},"inLanguage":"ru-RU","potentialAction":[{"@type":"ReadAction","target":["https:\/\/am-expertises.com\/index.php\/services\/dommages-electriques\/"]}]},{"@type":"BreadcrumbList","@id":"https:\/\/am-expertises.com\/index.php\/services\/dommages-electriques\/#breadcrumb","itemListElement":[{"@type":"ListItem","position":1,"name":"Accueil","item":"https:\/\/am-expertises.com\/"},{"@type":"ListItem","position":2,"name":"Nos domaines d&#8217;intervention","item":"https:\/\/am-expertises.com\/index.php\/services\/"},{"@type":"ListItem","position":3,"name":"Dommages \u00e9lectriques"}]}]}},"_links":{"self":[{"href":"https:\/\/am-expertises.com\/index.php\/wp-json\/wp\/v2\/pages\/71442"}],"collection":[{"href":"https:\/\/am-expertises.com\/index.php\/wp-json\/wp\/v2\/pages"}],"about":[{"href":"https:\/\/am-expertises.com\/index.php\/wp-json\/wp\/v2\/types\/page"}],"author":[{"embeddable":true,"href":"https:\/\/am-expertises.com\/index.php\/wp-json\/wp\/v2\/users\/1"}],"replies":[{"embeddable":true,"href":"https:\/\/am-expertises.com\/index.php\/wp-json\/wp\/v2\/comments?post=71442"}],"version-history":[{"count":5,"href":"https:\/\/am-expertises.com\/index.php\/wp-json\/wp\/v2\/pages\/71442\/revisions"}],"predecessor-version":[{"id":71482,"href":"https:\/\/am-expertises.com\/index.php\/wp-json\/wp\/v2\/pages\/71442\/revisions\/71482"}],"up":[{"embeddable":true,"href":"https:\/\/am-expertises.com\/index.php\/wp-json\/wp\/v2\/pages\/73"}],"wp:attachment":[{"href":"https:\/\/am-expertises.com\/index.php\/wp-json\/wp\/v2\/media?parent=71442"}],"curies":[{"name":"wp","href":"https:\/\/api.w.org\/{rel}","templated":true}]}}